{"id":392,"date":"2025-10-16T19:05:58","date_gmt":"2025-10-16T19:05:58","guid":{"rendered":"https:\/\/salaomakase.com\/?page_id=392"},"modified":"2025-10-17T00:40:50","modified_gmt":"2025-10-17T00:40:50","slug":"works","status":"publish","type":"page","link":"https:\/\/salaomakase.com\/","title":{"rendered":"somos"},"content":{"rendered":"\t\t<div data-elementor-type=\"wp-page\" data-elementor-id=\"392\" class=\"elementor elementor-392\" data-elementor-post-type=\"page\">\n\t\t\t\t<div class=\"elementor-element elementor-element-2a724ef3 e-con-full e-flex e-con e-parent\" data-id=\"2a724ef3\" data-element_type=\"container\" data-settings=\"{&quot;background_background&quot;:&quot;classic&quot;}\">\n\t\t<div class=\"elementor-element elementor-element-37278401 e-con-full e-flex e-con e-child\" data-id=\"37278401\" data-element_type=\"container\">\n\t\t\t\t<div class=\"elementor-element elementor-element-17584ce elementor-widget elementor-widget-heading\" data-id=\"17584ce\" data-element_type=\"widget\" data-widget_type=\"heading.default\">\n\t\t\t\t\t<h1 class=\"elementor-heading-title elementor-size-default\">nikkei.<\/h1>\t\t\t\t<\/div>\n\t\t\t\t<\/div>\n\t\t<div class=\"elementor-element elementor-element-413bd3cb e-con-full e-flex e-con e-child\" data-id=\"413bd3cb\" data-element_type=\"container\">\n\t\t\t\t<div class=\"elementor-element elementor-element-674a71d3 elementor-icon-list--layout-traditional elementor-list-item-link-full_width elementor-widget elementor-widget-icon-list\" data-id=\"674a71d3\" data-element_type=\"widget\" data-widget_type=\"icon-list.default\">\n\t\t\t\t\t\t\t<ul class=\"elementor-icon-list-items\">\n\t\t\t\t\t\t\t<li class=\"elementor-icon-list-item\">\n\t\t\t\t\t\t\t\t\t\t<span class=\"elementor-icon-list-text\">experiencia omakase<\/span>\n\t\t\t\t\t\t\t\t\t<\/li>\n\t\t\t\t\t\t\t\t<li class=\"elementor-icon-list-item\">\n\t\t\t\t\t\t\t\t\t\t<span class=\"elementor-icon-list-text\">sede la molina<\/span>\n\t\t\t\t\t\t\t\t\t<\/li>\n\t\t\t\t\t\t\t\t<li class=\"elementor-icon-list-item\">\n\t\t\t\t\t\t\t\t\t\t<span class=\"elementor-icon-list-text\">sede la mar<\/span>\n\t\t\t\t\t\t\t\t\t<\/li>\n\t\t\t\t\t\t<\/ul>\n\t\t\t\t\t\t<\/div>\n\t\t\t\t<div class=\"elementor-element elementor-element-655f71be elementor-widget elementor-widget-text-editor\" data-id=\"655f71be\" data-element_type=\"widget\" data-widget_type=\"text-editor.default\">\n\t\t\t\t\t\t\t\t\t<p data-start=\"79\" data-end=\"172\">En japon\u00e9s, el termino \u201comakase\u201d significa: <em data-start=\"114\" data-end=\"136\">lo dejo en tus manos<\/em>. Es confiar y dejarse llevar.<\/p><p data-start=\"174\" data-end=\"369\">En Sala Omakase empezamos por escucharte: qu\u00e9 te gusta en pescados y mariscos, qu\u00e9 no, qu\u00e9 sabores te mueven.<\/p><p data-start=\"174\" data-end=\"369\">Con eso armamos un men\u00fa solo para ti \u2014 una experiencia de pasos pensados en el momento, con lo mejor del mar y del d\u00eda.<\/p>\t\t\t\t\t\t\t\t<\/div>\n\t\t\t\t<\/div>\n\t\t\t\t<\/div>\n\t\t<div class=\"elementor-element elementor-element-2b40b3b e-con-full e-flex e-con e-parent\" data-id=\"2b40b3b\" data-element_type=\"container\">\n\t\t\t\t<div class=\"elementor-element elementor-element-7fc854e elementor-widget elementor-widget-video\" data-id=\"7fc854e\" data-element_type=\"widget\" data-settings=\"{&quot;video_type&quot;:&quot;vimeo&quot;}\" data-widget_type=\"video.default\">\n\t\t\t\t\t\t\t<div class=\"elementor-wrapper elementor-open-inline\">\n\t\t\t<iframe class=\"elementor-video-iframe\" allowfullscreen allow=\"clipboard-write\" title=\"vimeo Video Player\" src=\"https:\/\/player.vimeo.com\/video\/1091027939?color&amp;autopause=0&amp;loop=0&amp;muted=0&amp;title=0&amp;portrait=0&amp;byline=0&amp;h=3c87670ce3#t=\"><\/iframe>\t\t<\/div>\n\t\t\t\t\t\t<\/div>\n\t\t\t\t<\/div>\n\t\t<div class=\"elementor-element elementor-element-3f921b0 e-flex e-con-boxed e-con e-parent\" data-id=\"3f921b0\" data-element_type=\"container\">\n\t\t\t\t\t<div class=\"e-con-inner\">\n\t\t\t\t<div class=\"elementor-element elementor-element-ad06774 elementor-widget-divider--view-line elementor-widget elementor-widget-divider\" data-id=\"ad06774\" data-element_type=\"widget\" data-widget_type=\"divider.default\">\n\t\t\t\t\t\t\t<div class=\"elementor-divider\">\n\t\t\t<span class=\"elementor-divider-separator\">\n\t\t\t\t\t\t<\/span>\n\t\t<\/div>\n\t\t\t\t\t\t<\/div>\n\t\t\t\t\t<\/div>\n\t\t\t\t<\/div>\n\t\t\t\t<\/div>\n\t\t","protected":false},"excerpt":{"rendered":"<p>nikkei. experiencia omakase sede la molina sede la mar En japon\u00e9s, el termino \u201comakase\u201d significa: lo dejo en tus manos. Es confiar y dejarse llevar. En Sala Omakase empezamos por escucharte: qu\u00e9 te gusta en pescados y mariscos, qu\u00e9 no, qu\u00e9 sabores te mueven. Con eso armamos un men\u00fa solo para ti \u2014 una experiencia [&hellip;]<\/p>\n","protected":false},"author":1,"featured_media":397,"parent":0,"menu_order":0,"comment_status":"closed","ping_status":"closed","template":"elementor_header_footer","meta":{"footnotes":""},"class_list":["post-392","page","type-page","status-publish","has-post-thumbnail","hentry"],"yoast_head":"<!-- This site is optimized with the Yoast SEO plugin v26.1.1 - https:\/\/yoast.com\/wordpress\/plugins\/seo\/ -->\n<title>somos - sala omakase<\/title>\n<meta name=\"robots\" content=\"index, follow, max-snippet:-1, max-image-preview:large, max-video-preview:-1\" \/>\n<link rel=\"canonical\" href=\"https:\/\/salaomakase.com\/\" \/>\n<meta property=\"og:locale\" content=\"en_US\" \/>\n<meta property=\"og:type\" content=\"article\" \/>\n<meta property=\"og:title\" content=\"somos - sala omakase\" \/>\n<meta property=\"og:description\" content=\"nikkei. experiencia omakase sede la molina sede la mar En japon\u00e9s, el termino \u201comakase\u201d significa: lo dejo en tus manos. Es confiar y dejarse llevar. En Sala Omakase empezamos por escucharte: qu\u00e9 te gusta en pescados y mariscos, qu\u00e9 no, qu\u00e9 sabores te mueven. Con eso armamos un men\u00fa solo para ti \u2014 una experiencia [&hellip;]\" \/>\n<meta property=\"og:url\" content=\"https:\/\/salaomakase.com\/\" \/>\n<meta property=\"og:site_name\" content=\"sala omakase\" \/>\n<meta property=\"article:modified_time\" content=\"2025-10-17T00:40:50+00:00\" \/>\n<meta property=\"og:image\" content=\"https:\/\/salaomakase.com\/wp-content\/uploads\/2025\/10\/Nature-Photography-Home.jpg\" \/>\n\t<meta property=\"og:image:width\" content=\"400\" \/>\n\t<meta property=\"og:image:height\" content=\"380\" \/>\n\t<meta property=\"og:image:type\" content=\"image\/jpeg\" \/>\n<meta name=\"twitter:card\" content=\"summary_large_image\" \/>\n<meta name=\"twitter:label1\" content=\"Est. reading time\" \/>\n\t<meta name=\"twitter:data1\" content=\"1 minute\" \/>\n<script type=\"application\/ld+json\" class=\"yoast-schema-graph\">{\"@context\":\"https:\/\/schema.org\",\"@graph\":[{\"@type\":\"WebPage\",\"@id\":\"https:\/\/salaomakase.com\/\",\"url\":\"https:\/\/salaomakase.com\/\",\"name\":\"somos - sala omakase\",\"isPartOf\":{\"@id\":\"https:\/\/salaomakase.com\/#website\"},\"primaryImageOfPage\":{\"@id\":\"https:\/\/salaomakase.com\/#primaryimage\"},\"image\":{\"@id\":\"https:\/\/salaomakase.com\/#primaryimage\"},\"thumbnailUrl\":\"https:\/\/salaomakase.com\/wp-content\/uploads\/2025\/10\/Nature-Photography-Home.jpg\",\"datePublished\":\"2025-10-16T19:05:58+00:00\",\"dateModified\":\"2025-10-17T00:40:50+00:00\",\"breadcrumb\":{\"@id\":\"https:\/\/salaomakase.com\/#breadcrumb\"},\"inLanguage\":\"en-US\",\"potentialAction\":[{\"@type\":\"ReadAction\",\"target\":[\"https:\/\/salaomakase.com\/\"]}]},{\"@type\":\"ImageObject\",\"inLanguage\":\"en-US\",\"@id\":\"https:\/\/salaomakase.com\/#primaryimage\",\"url\":\"https:\/\/salaomakase.com\/wp-content\/uploads\/2025\/10\/Nature-Photography-Home.jpg\",\"contentUrl\":\"https:\/\/salaomakase.com\/wp-content\/uploads\/2025\/10\/Nature-Photography-Home.jpg\",\"width\":400,\"height\":380},{\"@type\":\"BreadcrumbList\",\"@id\":\"https:\/\/salaomakase.com\/#breadcrumb\",\"itemListElement\":[{\"@type\":\"ListItem\",\"position\":1,\"name\":\"Home\",\"item\":\"https:\/\/salaomakase.com\/\"},{\"@type\":\"ListItem\",\"position\":2,\"name\":\"somos\"}]},{\"@type\":\"WebSite\",\"@id\":\"https:\/\/salaomakase.com\/#website\",\"url\":\"https:\/\/salaomakase.com\/\",\"name\":\"sala omakase\",\"description\":\"\",\"publisher\":{\"@id\":\"https:\/\/salaomakase.com\/#organization\"},\"potentialAction\":[{\"@type\":\"SearchAction\",\"target\":{\"@type\":\"EntryPoint\",\"urlTemplate\":\"https:\/\/salaomakase.com\/?s={search_term_string}\"},\"query-input\":{\"@type\":\"PropertyValueSpecification\",\"valueRequired\":true,\"valueName\":\"search_term_string\"}}],\"inLanguage\":\"en-US\"},{\"@type\":\"Organization\",\"@id\":\"https:\/\/salaomakase.com\/#organization\",\"name\":\"sala omakase\",\"url\":\"https:\/\/salaomakase.com\/\",\"logo\":{\"@type\":\"ImageObject\",\"inLanguage\":\"en-US\",\"@id\":\"https:\/\/salaomakase.com\/#\/schema\/logo\/image\/\",\"url\":\"https:\/\/salaomakase.com\/wp-content\/uploads\/2025\/10\/logo-omasake-blanco-1.png\",\"contentUrl\":\"https:\/\/salaomakase.com\/wp-content\/uploads\/2025\/10\/logo-omasake-blanco-1.png\",\"width\":1163,\"height\":353,\"caption\":\"sala omakase\"},\"image\":{\"@id\":\"https:\/\/salaomakase.com\/#\/schema\/logo\/image\/\"}}]}<\/script>\n<!-- \/ Yoast SEO plugin. -->","yoast_head_json":{"title":"somos - sala omakase","robots":{"index":"index","follow":"follow","max-snippet":"max-snippet:-1","max-image-preview":"max-image-preview:large","max-video-preview":"max-video-preview:-1"},"canonical":"https:\/\/salaomakase.com\/","og_locale":"en_US","og_type":"article","og_title":"somos - sala omakase","og_description":"nikkei. experiencia omakase sede la molina sede la mar En japon\u00e9s, el termino \u201comakase\u201d significa: lo dejo en tus manos. Es confiar y dejarse llevar. En Sala Omakase empezamos por escucharte: qu\u00e9 te gusta en pescados y mariscos, qu\u00e9 no, qu\u00e9 sabores te mueven. Con eso armamos un men\u00fa solo para ti \u2014 una experiencia [&hellip;]","og_url":"https:\/\/salaomakase.com\/","og_site_name":"sala omakase","article_modified_time":"2025-10-17T00:40:50+00:00","og_image":[{"width":400,"height":380,"url":"https:\/\/salaomakase.com\/wp-content\/uploads\/2025\/10\/Nature-Photography-Home.jpg","type":"image\/jpeg"}],"twitter_card":"summary_large_image","twitter_misc":{"Est. reading time":"1 minute"},"schema":{"@context":"https:\/\/schema.org","@graph":[{"@type":"WebPage","@id":"https:\/\/salaomakase.com\/","url":"https:\/\/salaomakase.com\/","name":"somos - sala omakase","isPartOf":{"@id":"https:\/\/salaomakase.com\/#website"},"primaryImageOfPage":{"@id":"https:\/\/salaomakase.com\/#primaryimage"},"image":{"@id":"https:\/\/salaomakase.com\/#primaryimage"},"thumbnailUrl":"https:\/\/salaomakase.com\/wp-content\/uploads\/2025\/10\/Nature-Photography-Home.jpg","datePublished":"2025-10-16T19:05:58+00:00","dateModified":"2025-10-17T00:40:50+00:00","breadcrumb":{"@id":"https:\/\/salaomakase.com\/#breadcrumb"},"inLanguage":"en-US","potentialAction":[{"@type":"ReadAction","target":["https:\/\/salaomakase.com\/"]}]},{"@type":"ImageObject","inLanguage":"en-US","@id":"https:\/\/salaomakase.com\/#primaryimage","url":"https:\/\/salaomakase.com\/wp-content\/uploads\/2025\/10\/Nature-Photography-Home.jpg","contentUrl":"https:\/\/salaomakase.com\/wp-content\/uploads\/2025\/10\/Nature-Photography-Home.jpg","width":400,"height":380},{"@type":"BreadcrumbList","@id":"https:\/\/salaomakase.com\/#breadcrumb","itemListElement":[{"@type":"ListItem","position":1,"name":"Home","item":"https:\/\/salaomakase.com\/"},{"@type":"ListItem","position":2,"name":"somos"}]},{"@type":"WebSite","@id":"https:\/\/salaomakase.com\/#website","url":"https:\/\/salaomakase.com\/","name":"sala omakase","description":"","publisher":{"@id":"https:\/\/salaomakase.com\/#organization"},"potentialAction":[{"@type":"SearchAction","target":{"@type":"EntryPoint","urlTemplate":"https:\/\/salaomakase.com\/?s={search_term_string}"},"query-input":{"@type":"PropertyValueSpecification","valueRequired":true,"valueName":"search_term_string"}}],"inLanguage":"en-US"},{"@type":"Organization","@id":"https:\/\/salaomakase.com\/#organization","name":"sala omakase","url":"https:\/\/salaomakase.com\/","logo":{"@type":"ImageObject","inLanguage":"en-US","@id":"https:\/\/salaomakase.com\/#\/schema\/logo\/image\/","url":"https:\/\/salaomakase.com\/wp-content\/uploads\/2025\/10\/logo-omasake-blanco-1.png","contentUrl":"https:\/\/salaomakase.com\/wp-content\/uploads\/2025\/10\/logo-omasake-blanco-1.png","width":1163,"height":353,"caption":"sala omakase"},"image":{"@id":"https:\/\/salaomakase.com\/#\/schema\/logo\/image\/"}}]}},"_links":{"self":[{"href":"https:\/\/salaomakase.com\/index.php?rest_route=\/wp\/v2\/pages\/392","targetHints":{"allow":["GET"]}}],"collection":[{"href":"https:\/\/salaomakase.com\/index.php?rest_route=\/wp\/v2\/pages"}],"about":[{"href":"https:\/\/salaomakase.com\/index.php?rest_route=\/wp\/v2\/types\/page"}],"author":[{"embeddable":true,"href":"https:\/\/salaomakase.com\/index.php?rest_route=\/wp\/v2\/users\/1"}],"replies":[{"embeddable":true,"href":"https:\/\/salaomakase.com\/index.php?rest_route=%2Fwp%2Fv2%2Fcomments&post=392"}],"version-history":[{"count":5,"href":"https:\/\/salaomakase.com\/index.php?rest_route=\/wp\/v2\/pages\/392\/revisions"}],"predecessor-version":[{"id":563,"href":"https:\/\/salaomakase.com\/index.php?rest_route=\/wp\/v2\/pages\/392\/revisions\/563"}],"wp:featuredmedia":[{"embeddable":true,"href":"https:\/\/salaomakase.com\/index.php?rest_route=\/wp\/v2\/media\/397"}],"wp:attachment":[{"href":"https:\/\/salaomakase.com\/index.php?rest_route=%2Fwp%2Fv2%2Fmedia&parent=392"}],"curies":[{"name":"wp","href":"https:\/\/api.w.org\/{rel}","templated":true}]}}