{"id":386,"date":"2025-10-16T19:05:57","date_gmt":"2025-10-16T19:05:57","guid":{"rendered":"https:\/\/salaomakase.com\/?page_id=386"},"modified":"2025-10-17T01:00:29","modified_gmt":"2025-10-17T01:00:29","slug":"contact","status":"publish","type":"page","link":"https:\/\/salaomakase.com\/?page_id=386","title":{"rendered":"About"},"content":{"rendered":"\t\t<div data-elementor-type=\"wp-page\" data-elementor-id=\"386\" class=\"elementor elementor-386\" data-elementor-post-type=\"page\">\n\t\t\t\t<div class=\"elementor-element elementor-element-4e7dcf4e e-con-full e-flex e-con e-parent\" data-id=\"4e7dcf4e\" data-element_type=\"container\" data-settings=\"{&quot;background_background&quot;:&quot;classic&quot;}\">\n\t\t\t\t<div class=\"elementor-element elementor-element-59c9b01b elementor-invisible elementor-widget elementor-widget-heading\" data-id=\"59c9b01b\" data-element_type=\"widget\" data-settings=\"{&quot;_animation&quot;:&quot;slideInDown&quot;}\" data-widget_type=\"heading.default\">\n\t\t\t\t\t<h1 class=\"elementor-heading-title elementor-size-default\">rob.<\/h1>\t\t\t\t<\/div>\n\t\t\t\t<div class=\"elementor-element elementor-element-57a7f508 elementor-view-framed elementor-absolute elementor-shape-circle elementor-widget elementor-widget-icon\" data-id=\"57a7f508\" data-element_type=\"widget\" data-settings=\"{&quot;_position&quot;:&quot;absolute&quot;}\" data-widget_type=\"icon.default\">\n\t\t\t\t\t\t\t<div class=\"elementor-icon-wrapper\">\n\t\t\t<a class=\"elementor-icon elementor-animation-shrink\" href=\"#next\">\n\t\t\t<svg aria-hidden=\"true\" class=\"e-font-icon-svg e-fas-angle-down\" viewBox=\"0 0 320 512\" xmlns=\"http:\/\/www.w3.org\/2000\/svg\"><path d=\"M143 352.3L7 216.3c-9.4-9.4-9.4-24.6 0-33.9l22.6-22.6c9.4-9.4 24.6-9.4 33.9 0l96.4 96.4 96.4-96.4c9.4-9.4 24.6-9.4 33.9 0l22.6 22.6c9.4 9.4 9.4 24.6 0 33.9l-136 136c-9.2 9.4-24.4 9.4-33.8 0z\"><\/path><\/svg>\t\t\t<\/a>\n\t\t<\/div>\n\t\t\t\t\t\t<\/div>\n\t\t\t\t<\/div>\n\t\t<div class=\"elementor-element elementor-element-66991cd7 e-con-full e-flex e-con e-parent\" data-id=\"66991cd7\" data-element_type=\"container\" id=\"next\">\n\t\t<div class=\"elementor-element elementor-element-7e7eec50 e-con-full e-flex e-con e-child\" data-id=\"7e7eec50\" data-element_type=\"container\" data-settings=\"{&quot;background_background&quot;:&quot;classic&quot;}\">\n\t\t\t\t<div class=\"elementor-element elementor-element-fef8853 elementor-widget elementor-widget-image\" data-id=\"fef8853\" data-element_type=\"widget\" data-widget_type=\"image.default\">\n\t\t\t\t\t\t\t\t\t\t\t\t\t\t\t<img fetchpriority=\"high\" decoding=\"async\" width=\"800\" height=\"901\" src=\"https:\/\/salaomakase.com\/wp-content\/uploads\/2025\/10\/Captura-de-pantalla-2025-10-16-a-las-5.02.15-p.-m-909x1024.png\" class=\"attachment-large size-large wp-image-471\" alt=\"\" srcset=\"https:\/\/salaomakase.com\/wp-content\/uploads\/2025\/10\/Captura-de-pantalla-2025-10-16-a-las-5.02.15-p.-m-909x1024.png 909w, https:\/\/salaomakase.com\/wp-content\/uploads\/2025\/10\/Captura-de-pantalla-2025-10-16-a-las-5.02.15-p.-m-266x300.png 266w, https:\/\/salaomakase.com\/wp-content\/uploads\/2025\/10\/Captura-de-pantalla-2025-10-16-a-las-5.02.15-p.-m-768x865.png 768w, https:\/\/salaomakase.com\/wp-content\/uploads\/2025\/10\/Captura-de-pantalla-2025-10-16-a-las-5.02.15-p.-m-1364x1536.png 1364w, https:\/\/salaomakase.com\/wp-content\/uploads\/2025\/10\/Captura-de-pantalla-2025-10-16-a-las-5.02.15-p.-m.png 1566w\" sizes=\"(max-width: 800px) 100vw, 800px\" \/>\t\t\t\t\t\t\t\t\t\t\t\t\t\t\t<\/div>\n\t\t\t\t<div class=\"elementor-element elementor-element-35a3d4b elementor-widget elementor-widget-text-editor\" data-id=\"35a3d4b\" data-element_type=\"widget\" data-widget_type=\"text-editor.default\">\n\t\t\t\t\t\t\t\t\t<p>Voz fundador: Roby<\/p><p>Empec\u00e9 <strong>Sala Omakase<\/strong> desde abajo, con mis ahorros y un sue\u00f1o. Atendiendo a cada cliente como si fuera el partido m\u00e1s importante de mi vida y siempre deseando una nueva oportunidad para cocinarles.<\/p><p>Me tir\u00e9 a la piscina y en la ca\u00edda libre aprend\u00ed much\u00edsimo de m\u00ed mismo y de lo que implica ser due\u00f1o de un restaurante.<\/p><p>Hasta hoy, muchos amigos me preguntan c\u00f3mo hice para lograr Sala Omakase sin haber estudiado para ser cocinero o haber tenido experiencia previa y es que a veces la curiosidad y la pasi\u00f3n es el mejor profesor que la vida te puede dar.<\/p><p>Nadie te prepara para abrir un restaurante, y menos en Per\u00fa. Hacerte un espacio en Lima es como ganarte un lugar en la selecci\u00f3n de Argentina como dice mi amigo Richi Goachet\u00a0de verbena.<\/p><p>Lo que me ha ayudado es: la curiosidad y las ganas de ser un poquito mejor que ayer. Nadie nace sabiendo; uno aprende en el camino. A veces aprendes m\u00e1s r\u00e1pido cuando tienes mucho que perder.<\/p><p>Tengo mucha gratitud por todas las personas que han sido parte de la evoluci\u00f3n de sala omakase. Sin ustedes no habr\u00eda sido posible!<\/p>\t\t\t\t\t\t\t\t<\/div>\n\t\t<div class=\"elementor-element elementor-element-40e0eb8b e-con-full e-flex e-con e-child\" data-id=\"40e0eb8b\" data-element_type=\"container\">\n\t\t\t\t<div class=\"elementor-element elementor-element-3662e7c7 elementor-widget elementor-widget-heading\" data-id=\"3662e7c7\" data-element_type=\"widget\" data-widget_type=\"heading.default\">\n\t\t\t\t\t<h3 class=\"elementor-heading-title elementor-size-default\">reach out:<\/h3>\t\t\t\t<\/div>\n\t\t\t\t<div class=\"elementor-element elementor-element-4c87ee50 elementor-icon-list--layout-traditional elementor-list-item-link-full_width elementor-widget elementor-widget-icon-list\" data-id=\"4c87ee50\" data-element_type=\"widget\" data-widget_type=\"icon-list.default\">\n\t\t\t\t\t\t\t<ul class=\"elementor-icon-list-items\">\n\t\t\t\t\t\t\t<li class=\"elementor-icon-list-item\">\n\t\t\t\t\t\t\t\t\t\t\t<a href=\"mailto:robert@robertortega.com\">\n\n\t\t\t\t\t\t\t\t\t\t\t<span class=\"elementor-icon-list-text\">info@omakase.pe<\/span>\n\t\t\t\t\t\t\t\t\t\t\t<\/a>\n\t\t\t\t\t\t\t\t\t<\/li>\n\t\t\t\t\t\t\t\t<li class=\"elementor-icon-list-item\">\n\t\t\t\t\t\t\t\t\t\t\t<a href=\"tel:415-509-6998\">\n\n\t\t\t\t\t\t\t\t\t\t\t<span class=\"elementor-icon-list-text\">+51998278977<\/span>\n\t\t\t\t\t\t\t\t\t\t\t<\/a>\n\t\t\t\t\t\t\t\t\t<\/li>\n\t\t\t\t\t\t<\/ul>\n\t\t\t\t\t\t<\/div>\n\t\t\t\t<div class=\"elementor-element elementor-element-76799312 elementor-shape-circle elementor-grid-2 e-grid-align-left elementor-widget elementor-widget-social-icons\" data-id=\"76799312\" data-element_type=\"widget\" data-widget_type=\"social-icons.default\">\n\t\t\t\t\t\t\t<div class=\"elementor-social-icons-wrapper elementor-grid\" role=\"list\">\n\t\t\t\t\t\t\t<span class=\"elementor-grid-item\" role=\"listitem\">\n\t\t\t\t\t<a class=\"elementor-icon elementor-social-icon elementor-social-icon-instagram elementor-animation-shrink elementor-repeater-item-521bbd3\" href=\"https:\/\/www.instagram.com\/sala_omakase\/\" target=\"_blank\">\n\t\t\t\t\t\t<span class=\"elementor-screen-only\">Instagram<\/span>\n\t\t\t\t\t\t<svg aria-hidden=\"true\" class=\"e-font-icon-svg e-fab-instagram\" viewBox=\"0 0 448 512\" xmlns=\"http:\/\/www.w3.org\/2000\/svg\"><path d=\"M224.1 141c-63.6 0-114.9 51.3-114.9 114.9s51.3 114.9 114.9 114.9S339 319.5 339 255.9 287.7 141 224.1 141zm0 189.6c-41.1 0-74.7-33.5-74.7-74.7s33.5-74.7 74.7-74.7 74.7 33.5 74.7 74.7-33.6 74.7-74.7 74.7zm146.4-194.3c0 14.9-12 26.8-26.8 26.8-14.9 0-26.8-12-26.8-26.8s12-26.8 26.8-26.8 26.8 12 26.8 26.8zm76.1 27.2c-1.7-35.9-9.9-67.7-36.2-93.9-26.2-26.2-58-34.4-93.9-36.2-37-2.1-147.9-2.1-184.9 0-35.8 1.7-67.6 9.9-93.9 36.1s-34.4 58-36.2 93.9c-2.1 37-2.1 147.9 0 184.9 1.7 35.9 9.9 67.7 36.2 93.9s58 34.4 93.9 36.2c37 2.1 147.9 2.1 184.9 0 35.9-1.7 67.7-9.9 93.9-36.2 26.2-26.2 34.4-58 36.2-93.9 2.1-37 2.1-147.8 0-184.8zM398.8 388c-7.8 19.6-22.9 34.7-42.6 42.6-29.5 11.7-99.5 9-132.1 9s-102.7 2.6-132.1-9c-19.6-7.8-34.7-22.9-42.6-42.6-11.7-29.5-9-99.5-9-132.1s-2.6-102.7 9-132.1c7.8-19.6 22.9-34.7 42.6-42.6 29.5-11.7 99.5-9 132.1-9s102.7-2.6 132.1 9c19.6 7.8 34.7 22.9 42.6 42.6 11.7 29.5 9 99.5 9 132.1s2.7 102.7-9 132.1z\"><\/path><\/svg>\t\t\t\t\t<\/a>\n\t\t\t\t<\/span>\n\t\t\t\t\t\t\t<span class=\"elementor-grid-item\" role=\"listitem\">\n\t\t\t\t\t<a class=\"elementor-icon elementor-social-icon elementor-social-icon-spotify elementor-animation-shrink elementor-repeater-item-3979947\" href=\"https:\/\/open.spotify.com\/playlist\/3h0tfO6qpd7OXMn9pl5pzW?si=31ab3cbfca1b429a\" target=\"_blank\">\n\t\t\t\t\t\t<span class=\"elementor-screen-only\">Spotify<\/span>\n\t\t\t\t\t\t<svg aria-hidden=\"true\" class=\"e-font-icon-svg e-fab-spotify\" viewBox=\"0 0 496 512\" xmlns=\"http:\/\/www.w3.org\/2000\/svg\"><path d=\"M248 8C111.1 8 0 119.1 0 256s111.1 248 248 248 248-111.1 248-248S384.9 8 248 8zm100.7 364.9c-4.2 0-6.8-1.3-10.7-3.6-62.4-37.6-135-39.2-206.7-24.5-3.9 1-9 2.6-11.9 2.6-9.7 0-15.8-7.7-15.8-15.8 0-10.3 6.1-15.2 13.6-16.8 81.9-18.1 165.6-16.5 237 26.2 6.1 3.9 9.7 7.4 9.7 16.5s-7.1 15.4-15.2 15.4zm26.9-65.6c-5.2 0-8.7-2.3-12.3-4.2-62.5-37-155.7-51.9-238.6-29.4-4.8 1.3-7.4 2.6-11.9 2.6-10.7 0-19.4-8.7-19.4-19.4s5.2-17.8 15.5-20.7c27.8-7.8 56.2-13.6 97.8-13.6 64.9 0 127.6 16.1 177 45.5 8.1 4.8 11.3 11 11.3 19.7-.1 10.8-8.5 19.5-19.4 19.5zm31-76.2c-5.2 0-8.4-1.3-12.9-3.9-71.2-42.5-198.5-52.7-280.9-29.7-3.6 1-8.1 2.6-12.9 2.6-13.2 0-23.3-10.3-23.3-23.6 0-13.6 8.4-21.3 17.4-23.9 35.2-10.3 74.6-15.2 117.5-15.2 73 0 149.5 15.2 205.4 47.8 7.8 4.5 12.9 10.7 12.9 22.6 0 13.6-11 23.3-23.2 23.3z\"><\/path><\/svg>\t\t\t\t\t<\/a>\n\t\t\t\t<\/span>\n\t\t\t\t\t<\/div>\n\t\t\t\t\t\t<\/div>\n\t\t\t\t<\/div>\n\t\t\t\t<div class=\"elementor-element elementor-element-470dbeb9 elementor-button-align-start elementor-widget elementor-widget-form\" data-id=\"470dbeb9\" data-element_type=\"widget\" data-settings=\"{&quot;step_next_label&quot;:&quot;Next&quot;,&quot;step_previous_label&quot;:&quot;Previous&quot;,&quot;button_width&quot;:&quot;100&quot;,&quot;step_type&quot;:&quot;number_text&quot;,&quot;step_icon_shape&quot;:&quot;circle&quot;}\" data-widget_type=\"form.default\">\n\t\t\t\t\t\t\t<form class=\"elementor-form\" method=\"post\" name=\"Contact Form\" aria-label=\"Contact Form\">\n\t\t\t<input type=\"hidden\" name=\"post_id\" value=\"386\"\/>\n\t\t\t<input type=\"hidden\" name=\"form_id\" value=\"470dbeb9\"\/>\n\t\t\t<input type=\"hidden\" name=\"referer_title\" value=\"About - sala omakase\" \/>\n\n\t\t\t\t\t\t\t<input type=\"hidden\" name=\"queried_id\" value=\"386\"\/>\n\t\t\t\n\t\t\t<div class=\"elementor-form-fields-wrapper elementor-labels-\">\n\t\t\t\t\t\t\t\t<div class=\"elementor-field-type-html elementor-field-group elementor-column elementor-field-group-field_67b3353 elementor-col-100\">\n\t\t\t\t\tContacto.\t\t\t\t<\/div>\n\t\t\t\t\t\t\t\t<div class=\"elementor-field-type-text elementor-field-group elementor-column elementor-field-group-name elementor-col-50\">\n\t\t\t\t\t\t\t\t\t\t\t\t<label for=\"form-field-name\" class=\"elementor-field-label elementor-screen-only\">\n\t\t\t\t\t\t\t\tNombre*\t\t\t\t\t\t\t<\/label>\n\t\t\t\t\t\t\t\t\t\t\t\t\t\t<input size=\"1\" type=\"text\" name=\"form_fields[name]\" id=\"form-field-name\" class=\"elementor-field elementor-size-sm  elementor-field-textual\" placeholder=\"Nombre*\">\n\t\t\t\t\t\t\t\t\t\t\t<\/div>\n\t\t\t\t\t\t\t\t<div class=\"elementor-field-type-text elementor-field-group elementor-column elementor-field-group-field_d1ea073 elementor-col-50\">\n\t\t\t\t\t\t\t\t\t\t\t\t<label for=\"form-field-field_d1ea073\" class=\"elementor-field-label elementor-screen-only\">\n\t\t\t\t\t\t\t\tApellido*\t\t\t\t\t\t\t<\/label>\n\t\t\t\t\t\t\t\t\t\t\t\t\t\t<input size=\"1\" type=\"text\" name=\"form_fields[field_d1ea073]\" id=\"form-field-field_d1ea073\" class=\"elementor-field elementor-size-sm  elementor-field-textual\" placeholder=\"Apellido*\">\n\t\t\t\t\t\t\t\t\t\t\t<\/div>\n\t\t\t\t\t\t\t\t<div class=\"elementor-field-type-email elementor-field-group elementor-column elementor-field-group-email elementor-col-50 elementor-field-required\">\n\t\t\t\t\t\t\t\t\t\t\t\t<label for=\"form-field-email\" class=\"elementor-field-label elementor-screen-only\">\n\t\t\t\t\t\t\t\tEmail*\t\t\t\t\t\t\t<\/label>\n\t\t\t\t\t\t\t\t\t\t\t\t\t\t<input size=\"1\" type=\"email\" name=\"form_fields[email]\" id=\"form-field-email\" class=\"elementor-field elementor-size-sm  elementor-field-textual\" placeholder=\"Email*\" required=\"required\">\n\t\t\t\t\t\t\t\t\t\t\t<\/div>\n\t\t\t\t\t\t\t\t<div class=\"elementor-field-type-tel elementor-field-group elementor-column elementor-field-group-field_e6c9299 elementor-col-50\">\n\t\t\t\t\t\t\t\t\t\t\t\t<label for=\"form-field-field_e6c9299\" class=\"elementor-field-label elementor-screen-only\">\n\t\t\t\t\t\t\t\tN\u00famero celular\t\t\t\t\t\t\t<\/label>\n\t\t\t\t\t\t\t\t<input size=\"1\" type=\"tel\" name=\"form_fields[field_e6c9299]\" id=\"form-field-field_e6c9299\" class=\"elementor-field elementor-size-sm  elementor-field-textual\" placeholder=\"N\u00famero celular\" pattern=\"[0-9()#&amp;+*-=.]+\" title=\"Only numbers and phone characters (#, -, *, etc) are accepted.\">\n\n\t\t\t\t\t\t<\/div>\n\t\t\t\t\t\t\t\t<div class=\"elementor-field-type-textarea elementor-field-group elementor-column elementor-field-group-message elementor-col-100\">\n\t\t\t\t\t\t\t\t\t\t\t\t<label for=\"form-field-message\" class=\"elementor-field-label elementor-screen-only\">\n\t\t\t\t\t\t\t\tMensaje\t\t\t\t\t\t\t<\/label>\n\t\t\t\t\t\t<textarea class=\"elementor-field-textual elementor-field  elementor-size-sm\" name=\"form_fields[message]\" id=\"form-field-message\" rows=\"4\" placeholder=\"Mensaje\"><\/textarea>\t\t\t\t<\/div>\n\t\t\t\t\t\t\t\t<div class=\"elementor-field-group elementor-column elementor-field-type-submit elementor-col-100 e-form__buttons\">\n\t\t\t\t\t<button class=\"elementor-button elementor-size-sm elementor-animation-float\" type=\"submit\">\n\t\t\t\t\t\t<span class=\"elementor-button-content-wrapper\">\n\t\t\t\t\t\t\t\t\t\t\t\t\t\t\t\t\t\t\t\t\t\t<span class=\"elementor-button-text\">Send<\/span>\n\t\t\t\t\t\t\t\t\t\t\t\t\t<\/span>\n\t\t\t\t\t<\/button>\n\t\t\t\t<\/div>\n\t\t\t<\/div>\n\t\t<\/form>\n\t\t\t\t\t\t<\/div>\n\t\t\t\t<\/div>\n\t\t<div class=\"elementor-element elementor-element-6a0996b1 e-con-full e-flex e-con e-child\" data-id=\"6a0996b1\" data-element_type=\"container\" data-settings=\"{&quot;background_background&quot;:&quot;classic&quot;}\">\n\t\t\t\t<\/div>\n\t\t\t\t<\/div>\n\t\t\t\t<\/div>\n\t\t","protected":false},"excerpt":{"rendered":"<p>rob. Voz fundador: Roby Empec\u00e9 Sala Omakase desde abajo, con mis ahorros y un sue\u00f1o. Atendiendo a cada cliente como si fuera el partido m\u00e1s importante de mi vida y siempre deseando una nueva oportunidad para cocinarles. Me tir\u00e9 a la piscina y en la ca\u00edda libre aprend\u00ed much\u00edsimo de m\u00ed mismo y de lo [&hellip;]<\/p>\n","protected":false},"author":1,"featured_media":391,"parent":0,"menu_order":0,"comment_status":"closed","ping_status":"closed","template":"elementor_header_footer","meta":{"footnotes":""},"class_list":["post-386","page","type-page","status-publish","has-post-thumbnail","hentry"],"yoast_head":"<!-- This site is optimized with the Yoast SEO plugin v26.1.1 - https:\/\/yoast.com\/wordpress\/plugins\/seo\/ -->\n<title>About - sala omakase<\/title>\n<meta name=\"robots\" content=\"index, follow, max-snippet:-1, max-image-preview:large, max-video-preview:-1\" \/>\n<link rel=\"canonical\" href=\"https:\/\/salaomakase.com\/?page_id=386\" \/>\n<meta property=\"og:locale\" content=\"en_US\" \/>\n<meta property=\"og:type\" content=\"article\" \/>\n<meta property=\"og:title\" content=\"About - sala omakase\" \/>\n<meta property=\"og:description\" content=\"rob. Voz fundador: Roby Empec\u00e9 Sala Omakase desde abajo, con mis ahorros y un sue\u00f1o. Atendiendo a cada cliente como si fuera el partido m\u00e1s importante de mi vida y siempre deseando una nueva oportunidad para cocinarles. Me tir\u00e9 a la piscina y en la ca\u00edda libre aprend\u00ed much\u00edsimo de m\u00ed mismo y de lo [&hellip;]\" \/>\n<meta property=\"og:url\" content=\"https:\/\/salaomakase.com\/?page_id=386\" \/>\n<meta property=\"og:site_name\" content=\"sala omakase\" \/>\n<meta property=\"article:modified_time\" content=\"2025-10-17T01:00:29+00:00\" \/>\n<meta property=\"og:image\" content=\"https:\/\/salaomakase.com\/wp-content\/uploads\/2025\/10\/Nature-Photography-Contact.jpg\" \/>\n\t<meta property=\"og:image:width\" content=\"400\" \/>\n\t<meta property=\"og:image:height\" content=\"380\" \/>\n\t<meta property=\"og:image:type\" content=\"image\/jpeg\" \/>\n<meta name=\"twitter:card\" content=\"summary_large_image\" \/>\n<meta name=\"twitter:label1\" content=\"Est. reading time\" \/>\n\t<meta name=\"twitter:data1\" content=\"2 minutes\" \/>\n<script type=\"application\/ld+json\" class=\"yoast-schema-graph\">{\"@context\":\"https:\/\/schema.org\",\"@graph\":[{\"@type\":\"WebPage\",\"@id\":\"https:\/\/salaomakase.com\/?page_id=386\",\"url\":\"https:\/\/salaomakase.com\/?page_id=386\",\"name\":\"About - sala omakase\",\"isPartOf\":{\"@id\":\"https:\/\/salaomakase.com\/#website\"},\"primaryImageOfPage\":{\"@id\":\"https:\/\/salaomakase.com\/?page_id=386#primaryimage\"},\"image\":{\"@id\":\"https:\/\/salaomakase.com\/?page_id=386#primaryimage\"},\"thumbnailUrl\":\"https:\/\/salaomakase.com\/wp-content\/uploads\/2025\/10\/Nature-Photography-Contact.jpg\",\"datePublished\":\"2025-10-16T19:05:57+00:00\",\"dateModified\":\"2025-10-17T01:00:29+00:00\",\"breadcrumb\":{\"@id\":\"https:\/\/salaomakase.com\/?page_id=386#breadcrumb\"},\"inLanguage\":\"en-US\",\"potentialAction\":[{\"@type\":\"ReadAction\",\"target\":[\"https:\/\/salaomakase.com\/?page_id=386\"]}]},{\"@type\":\"ImageObject\",\"inLanguage\":\"en-US\",\"@id\":\"https:\/\/salaomakase.com\/?page_id=386#primaryimage\",\"url\":\"https:\/\/salaomakase.com\/wp-content\/uploads\/2025\/10\/Nature-Photography-Contact.jpg\",\"contentUrl\":\"https:\/\/salaomakase.com\/wp-content\/uploads\/2025\/10\/Nature-Photography-Contact.jpg\",\"width\":400,\"height\":380},{\"@type\":\"BreadcrumbList\",\"@id\":\"https:\/\/salaomakase.com\/?page_id=386#breadcrumb\",\"itemListElement\":[{\"@type\":\"ListItem\",\"position\":1,\"name\":\"Home\",\"item\":\"https:\/\/salaomakase.com\/\"},{\"@type\":\"ListItem\",\"position\":2,\"name\":\"About\"}]},{\"@type\":\"WebSite\",\"@id\":\"https:\/\/salaomakase.com\/#website\",\"url\":\"https:\/\/salaomakase.com\/\",\"name\":\"sala omakase\",\"description\":\"\",\"publisher\":{\"@id\":\"https:\/\/salaomakase.com\/#organization\"},\"potentialAction\":[{\"@type\":\"SearchAction\",\"target\":{\"@type\":\"EntryPoint\",\"urlTemplate\":\"https:\/\/salaomakase.com\/?s={search_term_string}\"},\"query-input\":{\"@type\":\"PropertyValueSpecification\",\"valueRequired\":true,\"valueName\":\"search_term_string\"}}],\"inLanguage\":\"en-US\"},{\"@type\":\"Organization\",\"@id\":\"https:\/\/salaomakase.com\/#organization\",\"name\":\"sala omakase\",\"url\":\"https:\/\/salaomakase.com\/\",\"logo\":{\"@type\":\"ImageObject\",\"inLanguage\":\"en-US\",\"@id\":\"https:\/\/salaomakase.com\/#\/schema\/logo\/image\/\",\"url\":\"https:\/\/salaomakase.com\/wp-content\/uploads\/2025\/10\/logo-omasake-blanco-1.png\",\"contentUrl\":\"https:\/\/salaomakase.com\/wp-content\/uploads\/2025\/10\/logo-omasake-blanco-1.png\",\"width\":1163,\"height\":353,\"caption\":\"sala omakase\"},\"image\":{\"@id\":\"https:\/\/salaomakase.com\/#\/schema\/logo\/image\/\"}}]}<\/script>\n<!-- \/ Yoast SEO plugin. -->","yoast_head_json":{"title":"About - sala omakase","robots":{"index":"index","follow":"follow","max-snippet":"max-snippet:-1","max-image-preview":"max-image-preview:large","max-video-preview":"max-video-preview:-1"},"canonical":"https:\/\/salaomakase.com\/?page_id=386","og_locale":"en_US","og_type":"article","og_title":"About - sala omakase","og_description":"rob. Voz fundador: Roby Empec\u00e9 Sala Omakase desde abajo, con mis ahorros y un sue\u00f1o. Atendiendo a cada cliente como si fuera el partido m\u00e1s importante de mi vida y siempre deseando una nueva oportunidad para cocinarles. Me tir\u00e9 a la piscina y en la ca\u00edda libre aprend\u00ed much\u00edsimo de m\u00ed mismo y de lo [&hellip;]","og_url":"https:\/\/salaomakase.com\/?page_id=386","og_site_name":"sala omakase","article_modified_time":"2025-10-17T01:00:29+00:00","og_image":[{"width":400,"height":380,"url":"https:\/\/salaomakase.com\/wp-content\/uploads\/2025\/10\/Nature-Photography-Contact.jpg","type":"image\/jpeg"}],"twitter_card":"summary_large_image","twitter_misc":{"Est. reading time":"2 minutes"},"schema":{"@context":"https:\/\/schema.org","@graph":[{"@type":"WebPage","@id":"https:\/\/salaomakase.com\/?page_id=386","url":"https:\/\/salaomakase.com\/?page_id=386","name":"About - sala omakase","isPartOf":{"@id":"https:\/\/salaomakase.com\/#website"},"primaryImageOfPage":{"@id":"https:\/\/salaomakase.com\/?page_id=386#primaryimage"},"image":{"@id":"https:\/\/salaomakase.com\/?page_id=386#primaryimage"},"thumbnailUrl":"https:\/\/salaomakase.com\/wp-content\/uploads\/2025\/10\/Nature-Photography-Contact.jpg","datePublished":"2025-10-16T19:05:57+00:00","dateModified":"2025-10-17T01:00:29+00:00","breadcrumb":{"@id":"https:\/\/salaomakase.com\/?page_id=386#breadcrumb"},"inLanguage":"en-US","potentialAction":[{"@type":"ReadAction","target":["https:\/\/salaomakase.com\/?page_id=386"]}]},{"@type":"ImageObject","inLanguage":"en-US","@id":"https:\/\/salaomakase.com\/?page_id=386#primaryimage","url":"https:\/\/salaomakase.com\/wp-content\/uploads\/2025\/10\/Nature-Photography-Contact.jpg","contentUrl":"https:\/\/salaomakase.com\/wp-content\/uploads\/2025\/10\/Nature-Photography-Contact.jpg","width":400,"height":380},{"@type":"BreadcrumbList","@id":"https:\/\/salaomakase.com\/?page_id=386#breadcrumb","itemListElement":[{"@type":"ListItem","position":1,"name":"Home","item":"https:\/\/salaomakase.com\/"},{"@type":"ListItem","position":2,"name":"About"}]},{"@type":"WebSite","@id":"https:\/\/salaomakase.com\/#website","url":"https:\/\/salaomakase.com\/","name":"sala omakase","description":"","publisher":{"@id":"https:\/\/salaomakase.com\/#organization"},"potentialAction":[{"@type":"SearchAction","target":{"@type":"EntryPoint","urlTemplate":"https:\/\/salaomakase.com\/?s={search_term_string}"},"query-input":{"@type":"PropertyValueSpecification","valueRequired":true,"valueName":"search_term_string"}}],"inLanguage":"en-US"},{"@type":"Organization","@id":"https:\/\/salaomakase.com\/#organization","name":"sala omakase","url":"https:\/\/salaomakase.com\/","logo":{"@type":"ImageObject","inLanguage":"en-US","@id":"https:\/\/salaomakase.com\/#\/schema\/logo\/image\/","url":"https:\/\/salaomakase.com\/wp-content\/uploads\/2025\/10\/logo-omasake-blanco-1.png","contentUrl":"https:\/\/salaomakase.com\/wp-content\/uploads\/2025\/10\/logo-omasake-blanco-1.png","width":1163,"height":353,"caption":"sala omakase"},"image":{"@id":"https:\/\/salaomakase.com\/#\/schema\/logo\/image\/"}}]}},"_links":{"self":[{"href":"https:\/\/salaomakase.com\/index.php?rest_route=\/wp\/v2\/pages\/386","targetHints":{"allow":["GET"]}}],"collection":[{"href":"https:\/\/salaomakase.com\/index.php?rest_route=\/wp\/v2\/pages"}],"about":[{"href":"https:\/\/salaomakase.com\/index.php?rest_route=\/wp\/v2\/types\/page"}],"author":[{"embeddable":true,"href":"https:\/\/salaomakase.com\/index.php?rest_route=\/wp\/v2\/users\/1"}],"replies":[{"embeddable":true,"href":"https:\/\/salaomakase.com\/index.php?rest_route=%2Fwp%2Fv2%2Fcomments&post=386"}],"version-history":[{"count":5,"href":"https:\/\/salaomakase.com\/index.php?rest_route=\/wp\/v2\/pages\/386\/revisions"}],"predecessor-version":[{"id":571,"href":"https:\/\/salaomakase.com\/index.php?rest_route=\/wp\/v2\/pages\/386\/revisions\/571"}],"wp:featuredmedia":[{"embeddable":true,"href":"https:\/\/salaomakase.com\/index.php?rest_route=\/wp\/v2\/media\/391"}],"wp:attachment":[{"href":"https:\/\/salaomakase.com\/index.php?rest_route=%2Fwp%2Fv2%2Fmedia&parent=386"}],"curies":[{"name":"wp","href":"https:\/\/api.w.org\/{rel}","templated":true}]}}