{"id":350,"date":"2025-10-16T19:05:49","date_gmt":"2025-10-16T19:05:49","guid":{"rendered":"https:\/\/salaomakase.com\/?page_id=350"},"modified":"2025-10-17T00:54:14","modified_gmt":"2025-10-17T00:54:14","slug":"water","status":"publish","type":"page","link":"https:\/\/salaomakase.com\/?page_id=350","title":{"rendered":"bitacora"},"content":{"rendered":"\t\t<div data-elementor-type=\"wp-page\" data-elementor-id=\"350\" class=\"elementor elementor-350\" data-elementor-post-type=\"page\">\n\t\t\t\t<div class=\"elementor-element elementor-element-609f5408 e-con-full e-flex e-con e-parent\" data-id=\"609f5408\" data-element_type=\"container\">\n\t\t<div class=\"elementor-element elementor-element-d41590d e-con-full e-flex e-con e-child\" data-id=\"d41590d\" data-element_type=\"container\" data-settings=\"{&quot;background_background&quot;:&quot;classic&quot;}\">\n\t\t<div class=\"elementor-element elementor-element-174c815c e-con-full e-flex e-con e-child\" data-id=\"174c815c\" data-element_type=\"container\">\n\t\t\t\t<div class=\"elementor-element elementor-element-660989e8 elementor-invisible elementor-widget elementor-widget-heading\" data-id=\"660989e8\" data-element_type=\"widget\" data-settings=\"{&quot;_animation&quot;:&quot;slideInDown&quot;}\" data-widget_type=\"heading.default\">\n\t\t\t\t\t<h1 class=\"elementor-heading-title elementor-size-default\">kickoff<\/h1>\t\t\t\t<\/div>\n\t\t\t\t<div class=\"elementor-element elementor-element-70d0ffb0 elementor-widget elementor-widget-text-editor\" data-id=\"70d0ffb0\" data-element_type=\"widget\" data-widget_type=\"text-editor.default\">\n\t\t\t\t\t\t\t\t\t<p>En Sala Omakase, nuestra filosof\u00eda es simple: solo lo m\u00e1s fresco, solo lo mejor. No trabajamos con nada congelado. Esta filosof\u00eda nos hace levantarnos cada ma\u00f1ana a seleccionar los mejores pescados y mariscos para ustedes. Es un esfuerzo silencioso que marca la diferencia en cada bocado.<\/p>\t\t\t\t\t\t\t\t<\/div>\n\t\t\t\t<\/div>\n\t\t\t\t<\/div>\n\t\t\t\t<div class=\"elementor-element elementor-element-ac4b11f elementor-widget elementor-widget-image\" data-id=\"ac4b11f\" data-element_type=\"widget\" data-widget_type=\"image.default\">\n\t\t\t\t\t\t\t\t\t\t\t\t\t\t\t<img fetchpriority=\"high\" decoding=\"async\" width=\"575\" height=\"1024\" src=\"https:\/\/salaomakase.com\/wp-content\/uploads\/2025\/10\/IMG_3653-575x1024.jpg\" class=\"attachment-large size-large wp-image-565\" alt=\"\" srcset=\"https:\/\/salaomakase.com\/wp-content\/uploads\/2025\/10\/IMG_3653-575x1024.jpg 575w, https:\/\/salaomakase.com\/wp-content\/uploads\/2025\/10\/IMG_3653-168x300.jpg 168w, https:\/\/salaomakase.com\/wp-content\/uploads\/2025\/10\/IMG_3653-768x1369.jpg 768w, https:\/\/salaomakase.com\/wp-content\/uploads\/2025\/10\/IMG_3653-862x1536.jpg 862w, https:\/\/salaomakase.com\/wp-content\/uploads\/2025\/10\/IMG_3653-1149x2048.jpg 1149w, https:\/\/salaomakase.com\/wp-content\/uploads\/2025\/10\/IMG_3653.jpg 1170w\" sizes=\"(max-width: 575px) 100vw, 575px\" \/>\t\t\t\t\t\t\t\t\t\t\t\t\t\t\t<\/div>\n\t\t\t\t<\/div>\n\t\t\t\t<\/div>\n\t\t","protected":false},"excerpt":{"rendered":"<p>kickoff En Sala Omakase, nuestra filosof\u00eda es simple: solo lo m\u00e1s fresco, solo lo mejor. No trabajamos con nada congelado. Esta filosof\u00eda nos hace levantarnos cada ma\u00f1ana a seleccionar los mejores pescados y mariscos para ustedes. Es un esfuerzo silencioso que marca la diferencia en cada bocado.<\/p>\n","protected":false},"author":1,"featured_media":361,"parent":0,"menu_order":0,"comment_status":"closed","ping_status":"closed","template":"elementor_header_footer","meta":{"footnotes":""},"class_list":["post-350","page","type-page","status-publish","has-post-thumbnail","hentry"],"yoast_head":"<!-- This site is optimized with the Yoast SEO plugin v26.1.1 - https:\/\/yoast.com\/wordpress\/plugins\/seo\/ -->\n<title>bitacora - sala omakase<\/title>\n<meta name=\"robots\" content=\"index, follow, max-snippet:-1, max-image-preview:large, max-video-preview:-1\" \/>\n<link rel=\"canonical\" href=\"https:\/\/salaomakase.com\/?page_id=350\" \/>\n<meta property=\"og:locale\" content=\"en_US\" \/>\n<meta property=\"og:type\" content=\"article\" \/>\n<meta property=\"og:title\" content=\"bitacora - sala omakase\" \/>\n<meta property=\"og:description\" content=\"kickoff En Sala Omakase, nuestra filosof\u00eda es simple: solo lo m\u00e1s fresco, solo lo mejor. No trabajamos con nada congelado. Esta filosof\u00eda nos hace levantarnos cada ma\u00f1ana a seleccionar los mejores pescados y mariscos para ustedes. Es un esfuerzo silencioso que marca la diferencia en cada bocado.\" \/>\n<meta property=\"og:url\" content=\"https:\/\/salaomakase.com\/?page_id=350\" \/>\n<meta property=\"og:site_name\" content=\"sala omakase\" \/>\n<meta property=\"article:modified_time\" content=\"2025-10-17T00:54:14+00:00\" \/>\n<meta property=\"og:image\" content=\"https:\/\/salaomakase.com\/wp-content\/uploads\/2025\/10\/Nature-Photography-Gallery-Water.jpg\" \/>\n\t<meta property=\"og:image:width\" content=\"400\" \/>\n\t<meta property=\"og:image:height\" content=\"380\" \/>\n\t<meta property=\"og:image:type\" content=\"image\/jpeg\" \/>\n<meta name=\"twitter:card\" content=\"summary_large_image\" \/>\n<meta name=\"twitter:label1\" content=\"Est. reading time\" \/>\n\t<meta name=\"twitter:data1\" content=\"1 minute\" \/>\n<script type=\"application\/ld+json\" class=\"yoast-schema-graph\">{\"@context\":\"https:\/\/schema.org\",\"@graph\":[{\"@type\":\"WebPage\",\"@id\":\"https:\/\/salaomakase.com\/?page_id=350\",\"url\":\"https:\/\/salaomakase.com\/?page_id=350\",\"name\":\"bitacora - sala omakase\",\"isPartOf\":{\"@id\":\"https:\/\/salaomakase.com\/#website\"},\"primaryImageOfPage\":{\"@id\":\"https:\/\/salaomakase.com\/?page_id=350#primaryimage\"},\"image\":{\"@id\":\"https:\/\/salaomakase.com\/?page_id=350#primaryimage\"},\"thumbnailUrl\":\"https:\/\/salaomakase.com\/wp-content\/uploads\/2025\/10\/Nature-Photography-Gallery-Water.jpg\",\"datePublished\":\"2025-10-16T19:05:49+00:00\",\"dateModified\":\"2025-10-17T00:54:14+00:00\",\"breadcrumb\":{\"@id\":\"https:\/\/salaomakase.com\/?page_id=350#breadcrumb\"},\"inLanguage\":\"en-US\",\"potentialAction\":[{\"@type\":\"ReadAction\",\"target\":[\"https:\/\/salaomakase.com\/?page_id=350\"]}]},{\"@type\":\"ImageObject\",\"inLanguage\":\"en-US\",\"@id\":\"https:\/\/salaomakase.com\/?page_id=350#primaryimage\",\"url\":\"https:\/\/salaomakase.com\/wp-content\/uploads\/2025\/10\/Nature-Photography-Gallery-Water.jpg\",\"contentUrl\":\"https:\/\/salaomakase.com\/wp-content\/uploads\/2025\/10\/Nature-Photography-Gallery-Water.jpg\",\"width\":400,\"height\":380},{\"@type\":\"BreadcrumbList\",\"@id\":\"https:\/\/salaomakase.com\/?page_id=350#breadcrumb\",\"itemListElement\":[{\"@type\":\"ListItem\",\"position\":1,\"name\":\"Home\",\"item\":\"https:\/\/salaomakase.com\/\"},{\"@type\":\"ListItem\",\"position\":2,\"name\":\"bitacora\"}]},{\"@type\":\"WebSite\",\"@id\":\"https:\/\/salaomakase.com\/#website\",\"url\":\"https:\/\/salaomakase.com\/\",\"name\":\"sala omakase\",\"description\":\"\",\"publisher\":{\"@id\":\"https:\/\/salaomakase.com\/#organization\"},\"potentialAction\":[{\"@type\":\"SearchAction\",\"target\":{\"@type\":\"EntryPoint\",\"urlTemplate\":\"https:\/\/salaomakase.com\/?s={search_term_string}\"},\"query-input\":{\"@type\":\"PropertyValueSpecification\",\"valueRequired\":true,\"valueName\":\"search_term_string\"}}],\"inLanguage\":\"en-US\"},{\"@type\":\"Organization\",\"@id\":\"https:\/\/salaomakase.com\/#organization\",\"name\":\"sala omakase\",\"url\":\"https:\/\/salaomakase.com\/\",\"logo\":{\"@type\":\"ImageObject\",\"inLanguage\":\"en-US\",\"@id\":\"https:\/\/salaomakase.com\/#\/schema\/logo\/image\/\",\"url\":\"https:\/\/salaomakase.com\/wp-content\/uploads\/2025\/10\/logo-omasake-blanco-1.png\",\"contentUrl\":\"https:\/\/salaomakase.com\/wp-content\/uploads\/2025\/10\/logo-omasake-blanco-1.png\",\"width\":1163,\"height\":353,\"caption\":\"sala omakase\"},\"image\":{\"@id\":\"https:\/\/salaomakase.com\/#\/schema\/logo\/image\/\"}}]}<\/script>\n<!-- \/ Yoast SEO plugin. -->","yoast_head_json":{"title":"bitacora - sala omakase","robots":{"index":"index","follow":"follow","max-snippet":"max-snippet:-1","max-image-preview":"max-image-preview:large","max-video-preview":"max-video-preview:-1"},"canonical":"https:\/\/salaomakase.com\/?page_id=350","og_locale":"en_US","og_type":"article","og_title":"bitacora - sala omakase","og_description":"kickoff En Sala Omakase, nuestra filosof\u00eda es simple: solo lo m\u00e1s fresco, solo lo mejor. No trabajamos con nada congelado. Esta filosof\u00eda nos hace levantarnos cada ma\u00f1ana a seleccionar los mejores pescados y mariscos para ustedes. Es un esfuerzo silencioso que marca la diferencia en cada bocado.","og_url":"https:\/\/salaomakase.com\/?page_id=350","og_site_name":"sala omakase","article_modified_time":"2025-10-17T00:54:14+00:00","og_image":[{"width":400,"height":380,"url":"https:\/\/salaomakase.com\/wp-content\/uploads\/2025\/10\/Nature-Photography-Gallery-Water.jpg","type":"image\/jpeg"}],"twitter_card":"summary_large_image","twitter_misc":{"Est. reading time":"1 minute"},"schema":{"@context":"https:\/\/schema.org","@graph":[{"@type":"WebPage","@id":"https:\/\/salaomakase.com\/?page_id=350","url":"https:\/\/salaomakase.com\/?page_id=350","name":"bitacora - sala omakase","isPartOf":{"@id":"https:\/\/salaomakase.com\/#website"},"primaryImageOfPage":{"@id":"https:\/\/salaomakase.com\/?page_id=350#primaryimage"},"image":{"@id":"https:\/\/salaomakase.com\/?page_id=350#primaryimage"},"thumbnailUrl":"https:\/\/salaomakase.com\/wp-content\/uploads\/2025\/10\/Nature-Photography-Gallery-Water.jpg","datePublished":"2025-10-16T19:05:49+00:00","dateModified":"2025-10-17T00:54:14+00:00","breadcrumb":{"@id":"https:\/\/salaomakase.com\/?page_id=350#breadcrumb"},"inLanguage":"en-US","potentialAction":[{"@type":"ReadAction","target":["https:\/\/salaomakase.com\/?page_id=350"]}]},{"@type":"ImageObject","inLanguage":"en-US","@id":"https:\/\/salaomakase.com\/?page_id=350#primaryimage","url":"https:\/\/salaomakase.com\/wp-content\/uploads\/2025\/10\/Nature-Photography-Gallery-Water.jpg","contentUrl":"https:\/\/salaomakase.com\/wp-content\/uploads\/2025\/10\/Nature-Photography-Gallery-Water.jpg","width":400,"height":380},{"@type":"BreadcrumbList","@id":"https:\/\/salaomakase.com\/?page_id=350#breadcrumb","itemListElement":[{"@type":"ListItem","position":1,"name":"Home","item":"https:\/\/salaomakase.com\/"},{"@type":"ListItem","position":2,"name":"bitacora"}]},{"@type":"WebSite","@id":"https:\/\/salaomakase.com\/#website","url":"https:\/\/salaomakase.com\/","name":"sala omakase","description":"","publisher":{"@id":"https:\/\/salaomakase.com\/#organization"},"potentialAction":[{"@type":"SearchAction","target":{"@type":"EntryPoint","urlTemplate":"https:\/\/salaomakase.com\/?s={search_term_string}"},"query-input":{"@type":"PropertyValueSpecification","valueRequired":true,"valueName":"search_term_string"}}],"inLanguage":"en-US"},{"@type":"Organization","@id":"https:\/\/salaomakase.com\/#organization","name":"sala omakase","url":"https:\/\/salaomakase.com\/","logo":{"@type":"ImageObject","inLanguage":"en-US","@id":"https:\/\/salaomakase.com\/#\/schema\/logo\/image\/","url":"https:\/\/salaomakase.com\/wp-content\/uploads\/2025\/10\/logo-omasake-blanco-1.png","contentUrl":"https:\/\/salaomakase.com\/wp-content\/uploads\/2025\/10\/logo-omasake-blanco-1.png","width":1163,"height":353,"caption":"sala omakase"},"image":{"@id":"https:\/\/salaomakase.com\/#\/schema\/logo\/image\/"}}]}},"_links":{"self":[{"href":"https:\/\/salaomakase.com\/index.php?rest_route=\/wp\/v2\/pages\/350","targetHints":{"allow":["GET"]}}],"collection":[{"href":"https:\/\/salaomakase.com\/index.php?rest_route=\/wp\/v2\/pages"}],"about":[{"href":"https:\/\/salaomakase.com\/index.php?rest_route=\/wp\/v2\/types\/page"}],"author":[{"embeddable":true,"href":"https:\/\/salaomakase.com\/index.php?rest_route=\/wp\/v2\/users\/1"}],"replies":[{"embeddable":true,"href":"https:\/\/salaomakase.com\/index.php?rest_route=%2Fwp%2Fv2%2Fcomments&post=350"}],"version-history":[{"count":5,"href":"https:\/\/salaomakase.com\/index.php?rest_route=\/wp\/v2\/pages\/350\/revisions"}],"predecessor-version":[{"id":568,"href":"https:\/\/salaomakase.com\/index.php?rest_route=\/wp\/v2\/pages\/350\/revisions\/568"}],"wp:featuredmedia":[{"embeddable":true,"href":"https:\/\/salaomakase.com\/index.php?rest_route=\/wp\/v2\/media\/361"}],"wp:attachment":[{"href":"https:\/\/salaomakase.com\/index.php?rest_route=%2Fwp%2Fv2%2Fmedia&parent=350"}],"curies":[{"name":"wp","href":"https:\/\/api.w.org\/{rel}","templated":true}]}}